{"id":229,"date":"2025-11-17T12:44:23","date_gmt":"2025-11-17T17:44:23","guid":{"rendered":"https:\/\/logiqc.ca\/?page_id=229"},"modified":"2026-02-12T14:31:21","modified_gmt":"2026-02-12T19:31:21","slug":"a-propos","status":"publish","type":"page","link":"https:\/\/logiqc.ca\/en\/a-propos\/","title":{"rendered":"About us"},"content":{"rendered":"<div data-elementor-type=\"wp-page\" data-elementor-id=\"229\" class=\"elementor elementor-229\" data-elementor-post-type=\"page\">\n\t\t\t\t<div class=\"elementor-element elementor-element-c2fb5f2 e-con-full e-flex e-con e-parent\" data-id=\"c2fb5f2\" data-element_type=\"container\" data-e-type=\"container\">\n\t\t<div class=\"elementor-element elementor-element-dab639e e-con-full e-flex e-con e-child\" data-id=\"dab639e\" data-element_type=\"container\" data-e-type=\"container\">\n\t\t<div class=\"elementor-element elementor-element-ceac95a e-con-full e-flex e-con e-child\" data-id=\"ceac95a\" data-element_type=\"container\" data-e-type=\"container\">\n\t\t\t\t<div class=\"elementor-element elementor-element-75f2a0c elementor-invisible elementor-widget elementor-widget-heading\" data-id=\"75f2a0c\" data-element_type=\"widget\" data-e-type=\"widget\" data-settings=\"{&quot;_animation&quot;:&quot;fadeInUp&quot;}\" data-widget_type=\"heading.default\">\n\t\t\t\t\t<h2 class=\"elementor-heading-title elementor-size-default\">About us<\/h2>\t\t\t\t<\/div>\n\t\t\t\t<div class=\"elementor-element elementor-element-b1cc321 elementor-widget__width-initial elementor-invisible elementor-widget elementor-widget-elementskit-heading\" data-id=\"b1cc321\" data-element_type=\"widget\" data-e-type=\"widget\" data-settings=\"{&quot;_animation&quot;:&quot;fadeInUp&quot;}\" data-widget_type=\"elementskit-heading.default\">\n\t\t\t\t\t<div class=\"ekit-wid-con\" ><div class=\"ekit-heading elementskit-section-title-wraper text_left   ekit_heading_tablet-   ekit_heading_mobile-\"><h2 class=\"ekit-heading--title elementskit-section-title\">Our mission<\/h2><\/div><\/div>\t\t\t\t<\/div>\n\t\t\t\t<div class=\"elementor-element elementor-element-15a613a elementor-widget__width-initial elementor-widget-mobile__width-inherit elementor-invisible elementor-widget elementor-widget-text-editor\" data-id=\"15a613a\" data-element_type=\"widget\" data-e-type=\"widget\" data-settings=\"{&quot;_animation&quot;:&quot;fadeInUp&quot;}\" data-widget_type=\"text-editor.default\">\n\t\t\t\t\t\t\t\t\t<p>At Logiqc, we move forward with intention. Each step is meticulously<br \/>planned to form the most optimal solution. We design every<br \/>in collaboration with you, monitoring it with absolute rigor and<br \/>with an unrivalled system.<\/p><p>\u00a0<\/p><p>Thanks to our hand-picked network of partners, you can leave everything to us.<br \/>concern aside. This is the logic that defines our name: Logiqc. Reason<br \/>predictability and efficiency are at the heart of our mission.<\/p><p>\u00a0<\/p><p>Leave it to us: we'll take care of it.<\/p>\t\t\t\t\t\t\t\t<\/div>\n\t\t\t\t<\/div>\n\t\t\t\t<div class=\"elementor-element elementor-element-5205a9e elementor-widget elementor-widget-button\" data-id=\"5205a9e\" data-element_type=\"widget\" data-e-type=\"widget\" data-widget_type=\"button.default\">\n\t\t\t\t\t\t\t\t\t\t<a class=\"elementor-button elementor-button-link elementor-size-sm\" href=\"#elementor-action%3Aaction%3Dpopup%3Aopen%26settings%3DeyJpZCI6IjI1OCIsInRvZ2dsZSI6ZmFsc2V9\">\n\t\t\t\t\t\t<span class=\"elementor-button-content-wrapper\">\n\t\t\t\t\t\t\t\t\t<span class=\"elementor-button-text\">Quote<\/span>\n\t\t\t\t\t<\/span>\n\t\t\t\t\t<\/a>\n\t\t\t\t\t\t\t\t<\/div>\n\t\t\t\t<\/div>\n\t\t\t\t<\/div>\n\t\t<div class=\"elementor-element elementor-element-7d6d98f8 e-con-full e-flex e-con e-parent\" data-id=\"7d6d98f8\" data-element_type=\"container\" data-e-type=\"container\" data-settings=\"{&quot;background_background&quot;:&quot;classic&quot;}\">\n\t\t\t\t<div class=\"elementor-element elementor-element-517a6c9c elementor-widget__width-initial elementor-invisible elementor-widget elementor-widget-elementskit-heading\" data-id=\"517a6c9c\" data-element_type=\"widget\" data-e-type=\"widget\" data-settings=\"{&quot;_animation&quot;:&quot;fadeInUp&quot;}\" data-widget_type=\"elementskit-heading.default\">\n\t\t\t\t\t<div class=\"ekit-wid-con\" ><div class=\"ekit-heading elementskit-section-title-wraper text_center   ekit_heading_tablet-   ekit_heading_mobile-\"><h2 class=\"ekit-heading--title elementskit-section-title\">Our values<\/h2><\/div><\/div>\t\t\t\t<\/div>\n\t\t<div class=\"elementor-element elementor-element-67d23663 e-grid e-con-full e-con e-child\" data-id=\"67d23663\" data-element_type=\"container\" data-e-type=\"container\">\n\t\t\t\t<div class=\"elementor-element elementor-element-5a4fab6e elementor-invisible elementor-widget elementor-widget-image-box\" data-id=\"5a4fab6e\" data-element_type=\"widget\" data-e-type=\"widget\" data-settings=\"{&quot;_animation&quot;:&quot;fadeInUp&quot;}\" data-widget_type=\"image-box.default\">\n\t\t\t\t\t<div class=\"elementor-image-box-wrapper\"><div class=\"elementor-image-box-content\"><h3 class=\"elementor-image-box-title\">Total commitment<\/h3><p class=\"elementor-image-box-description\">Every promise is kept. We deliver what's agreed, without detours or excuses.<\/p><\/div><\/div>\t\t\t\t<\/div>\n\t\t\t\t<div class=\"elementor-element elementor-element-6b4a7f7e elementor-invisible elementor-widget elementor-widget-image-box\" data-id=\"6b4a7f7e\" data-element_type=\"widget\" data-e-type=\"widget\" data-settings=\"{&quot;_animation&quot;:&quot;fadeInUp&quot;,&quot;_animation_delay&quot;:100}\" data-widget_type=\"image-box.default\">\n\t\t\t\t\t<div class=\"elementor-image-box-wrapper\"><div class=\"elementor-image-box-content\"><h3 class=\"elementor-image-box-title\">Operational clarity<\/h3><p class=\"elementor-image-box-description\">Smooth communication, constant follow-up and complete visibility at every stage.<\/p><\/div><\/div>\t\t\t\t<\/div>\n\t\t\t\t<div class=\"elementor-element elementor-element-7bcbcccb elementor-invisible elementor-widget elementor-widget-image-box\" data-id=\"7bcbcccb\" data-element_type=\"widget\" data-e-type=\"widget\" data-settings=\"{&quot;_animation&quot;:&quot;fadeInUp&quot;,&quot;_animation_delay&quot;:200}\" data-widget_type=\"image-box.default\">\n\t\t\t\t\t<div class=\"elementor-image-box-wrapper\"><div class=\"elementor-image-box-content\"><h3 class=\"elementor-image-box-title\">Support<\/h3><p class=\"elementor-image-box-description\">We take responsibility for every order and act quickly when issues arise, because your goods are essential.<\/p><\/div><\/div>\t\t\t\t<\/div>\n\t\t\t\t<\/div>\n\t\t<div class=\"elementor-element elementor-element-22d57cb e-grid e-con-full e-con e-child\" data-id=\"22d57cb\" data-element_type=\"container\" data-e-type=\"container\">\n\t\t\t\t<div class=\"elementor-element elementor-element-30e456e elementor-invisible elementor-widget elementor-widget-image-box\" data-id=\"30e456e\" data-element_type=\"widget\" data-e-type=\"widget\" data-settings=\"{&quot;_animation&quot;:&quot;fadeInUp&quot;}\" data-widget_type=\"image-box.default\">\n\t\t\t\t\t<div class=\"elementor-image-box-wrapper\"><div class=\"elementor-image-box-content\"><h3 class=\"elementor-image-box-title\">Controlled execution<\/h3><p class=\"elementor-image-box-description\">Structured logistics designed to optimize performance and ensure impeccable accuracy.<\/p><\/div><\/div>\t\t\t\t<\/div>\n\t\t\t\t<div class=\"elementor-element elementor-element-e3274fe elementor-invisible elementor-widget elementor-widget-image-box\" data-id=\"e3274fe\" data-element_type=\"widget\" data-e-type=\"widget\" data-settings=\"{&quot;_animation&quot;:&quot;fadeInUp&quot;,&quot;_animation_delay&quot;:100}\" data-widget_type=\"image-box.default\">\n\t\t\t\t\t<div class=\"elementor-image-box-wrapper\"><div class=\"elementor-image-box-content\"><h3 class=\"elementor-image-box-title\">Agility<\/h3><p class=\"elementor-image-box-description\">As your realities change, so do our solutions. Logiqc adapts quickly to your needs.<\/p><\/div><\/div>\t\t\t\t<\/div>\n\t\t\t\t<div class=\"elementor-element elementor-element-3a93cdd elementor-invisible elementor-widget elementor-widget-image-box\" data-id=\"3a93cdd\" data-element_type=\"widget\" data-e-type=\"widget\" data-settings=\"{&quot;_animation&quot;:&quot;fadeInUp&quot;,&quot;_animation_delay&quot;:200}\" data-widget_type=\"image-box.default\">\n\t\t\t\t\t<div class=\"elementor-image-box-wrapper\"><div class=\"elementor-image-box-content\"><h3 class=\"elementor-image-box-title\">Sustainable partnerships<\/h3><p class=\"elementor-image-box-description\">We value long-term, trust-based relationships that go far beyond mere transportation.<\/p><\/div><\/div>\t\t\t\t<\/div>\n\t\t\t\t<\/div>\n\t\t\t\t<\/div>\n\t\t<div class=\"elementor-element elementor-element-358077c e-con-full e-flex e-con e-parent\" data-id=\"358077c\" data-element_type=\"container\" data-e-type=\"container\" data-settings=\"{&quot;background_background&quot;:&quot;classic&quot;}\">\n\t\t\t\t<div class=\"elementor-element elementor-element-4d26c4f elementor-invisible elementor-widget elementor-widget-heading\" data-id=\"4d26c4f\" data-element_type=\"widget\" data-e-type=\"widget\" data-settings=\"{&quot;_animation&quot;:&quot;fadeInUp&quot;}\" data-widget_type=\"heading.default\">\n\t\t\t\t\t<h2 class=\"elementor-heading-title elementor-size-default\">Get your personalized quote today!\n<\/h2>\t\t\t\t<\/div>\n\t\t\t\t<div class=\"elementor-element elementor-element-c868656 elementor-widget__width-initial elementor-invisible elementor-widget elementor-widget-elementskit-heading\" data-id=\"c868656\" data-element_type=\"widget\" data-e-type=\"widget\" data-settings=\"{&quot;_animation&quot;:&quot;fadeInUp&quot;}\" data-widget_type=\"elementskit-heading.default\">\n\t\t\t\t\t<div class=\"ekit-wid-con\" ><div class=\"ekit-heading elementskit-section-title-wraper text_center   ekit_heading_tablet-   ekit_heading_mobile-\"><h2 class=\"ekit-heading--title elementskit-section-title\">Ready to simplify your transport?<\/h2><\/div><\/div>\t\t\t\t<\/div>\n\t\t\t\t<div class=\"elementor-element elementor-element-bb3fce7 elementor-widget__width-initial elementor-widget-mobile__width-inherit elementor-invisible elementor-widget elementor-widget-text-editor\" data-id=\"bb3fce7\" data-element_type=\"widget\" data-e-type=\"widget\" data-settings=\"{&quot;_animation&quot;:&quot;fadeInUp&quot;}\" data-widget_type=\"text-editor.default\">\n\t\t\t\t\t\t\t\t\t<p>Whether you have standard, refrigerated or oversized goods, we have the expertise to deliver them safely and on time.<\/p>\t\t\t\t\t\t\t\t<\/div>\n\t\t\t\t<div class=\"elementor-element elementor-element-a2d1384 elementor-invisible elementor-widget elementor-widget-button\" data-id=\"a2d1384\" data-element_type=\"widget\" data-e-type=\"widget\" data-settings=\"{&quot;_animation&quot;:&quot;fadeInUp&quot;}\" data-widget_type=\"button.default\">\n\t\t\t\t\t\t\t\t\t\t<a class=\"elementor-button elementor-button-link elementor-size-sm\" href=\"#elementor-action%3Aaction%3Dpopup%3Aopen%26settings%3DeyJpZCI6IjI1OCIsInRvZ2dsZSI6ZmFsc2V9\">\n\t\t\t\t\t\t<span class=\"elementor-button-content-wrapper\">\n\t\t\t\t\t\t\t\t\t<span class=\"elementor-button-text\">Quote<\/span>\n\t\t\t\t\t<\/span>\n\t\t\t\t\t<\/a>\n\t\t\t\t\t\t\t\t<\/div>\n\t\t\t\t<\/div>\n\t\t\t\t<\/div>","protected":false},"excerpt":{"rendered":"<p>\u00c0 propos Notre mission Chez Logiqc, nous avan\u00e7ons avec intention. Chaque \u00e9tape est m\u00e9ticuleusementplanifi\u00e9e pour former la solution la plus optimale qui soit. Nous concevons chaquetransport en collaboration avec vous, le suivons avec une rigueur absolue etl\u2019accompagnons d&rsquo;un syst\u00e8me hors pair. \u00a0 Gr\u00e2ce \u00e0 notre r\u00e9seau de partenaires tri\u00e9s sur le volet, vous pouvez laisser [&hellip;]<\/p>\n","protected":false},"author":1,"featured_media":0,"parent":0,"menu_order":0,"comment_status":"closed","ping_status":"closed","template":"","meta":{"footnotes":""},"class_list":["post-229","page","type-page","status-publish","hentry"],"yoast_head":"<!-- This site is optimized with the Yoast SEO plugin v26.9 - https:\/\/yoast.com\/product\/yoast-seo-wordpress\/ -->\n<title>\u00c0 propos - Logiqc<\/title>\n<meta name=\"robots\" content=\"index, follow, max-snippet:-1, max-image-preview:large, max-video-preview:-1\" \/>\n<link rel=\"canonical\" href=\"https:\/\/logiqc.ca\/en\/a-propos\/\" \/>\n<meta property=\"og:locale\" content=\"en_US\" \/>\n<meta property=\"og:type\" content=\"article\" \/>\n<meta property=\"og:title\" content=\"\u00c0 propos - Logiqc\" \/>\n<meta property=\"og:description\" content=\"\u00c0 propos Notre mission Chez Logiqc, nous avan\u00e7ons avec intention. Chaque \u00e9tape est m\u00e9ticuleusementplanifi\u00e9e pour former la solution la plus optimale qui soit. Nous concevons chaquetransport en collaboration avec vous, le suivons avec une rigueur absolue etl\u2019accompagnons d&rsquo;un syst\u00e8me hors pair. \u00a0 Gr\u00e2ce \u00e0 notre r\u00e9seau de partenaires tri\u00e9s sur le volet, vous pouvez laisser [&hellip;]\" \/>\n<meta property=\"og:url\" content=\"https:\/\/logiqc.ca\/en\/a-propos\/\" \/>\n<meta property=\"og:site_name\" content=\"Logiqc\" \/>\n<meta property=\"article:modified_time\" content=\"2026-02-12T19:31:21+00:00\" \/>\n<meta name=\"twitter:card\" content=\"summary_large_image\" \/>\n<meta name=\"twitter:label1\" content=\"Est. reading time\" \/>\n\t<meta name=\"twitter:data1\" content=\"2 minutes\" \/>\n<script type=\"application\/ld+json\" class=\"yoast-schema-graph\">{\"@context\":\"https:\/\/schema.org\",\"@graph\":[{\"@type\":\"WebPage\",\"@id\":\"https:\/\/logiqc.ca\/a-propos\/\",\"url\":\"https:\/\/logiqc.ca\/a-propos\/\",\"name\":\"\u00c0 propos - Logiqc\",\"isPartOf\":{\"@id\":\"https:\/\/logiqc.ca\/#website\"},\"datePublished\":\"2025-11-17T17:44:23+00:00\",\"dateModified\":\"2026-02-12T19:31:21+00:00\",\"breadcrumb\":{\"@id\":\"https:\/\/logiqc.ca\/a-propos\/#breadcrumb\"},\"inLanguage\":\"en-CA\",\"potentialAction\":[{\"@type\":\"ReadAction\",\"target\":[\"https:\/\/logiqc.ca\/a-propos\/\"]}]},{\"@type\":\"BreadcrumbList\",\"@id\":\"https:\/\/logiqc.ca\/a-propos\/#breadcrumb\",\"itemListElement\":[{\"@type\":\"ListItem\",\"position\":1,\"name\":\"Accueil\",\"item\":\"https:\/\/logiqc.ca\/\"},{\"@type\":\"ListItem\",\"position\":2,\"name\":\"\u00c0 propos\"}]},{\"@type\":\"WebSite\",\"@id\":\"https:\/\/logiqc.ca\/#website\",\"url\":\"https:\/\/logiqc.ca\/\",\"name\":\"Logiqc\",\"description\":\"\",\"publisher\":{\"@id\":\"https:\/\/logiqc.ca\/#organization\"},\"potentialAction\":[{\"@type\":\"SearchAction\",\"target\":{\"@type\":\"EntryPoint\",\"urlTemplate\":\"https:\/\/logiqc.ca\/?s={search_term_string}\"},\"query-input\":{\"@type\":\"PropertyValueSpecification\",\"valueRequired\":true,\"valueName\":\"search_term_string\"}}],\"inLanguage\":\"en-CA\"},{\"@type\":\"Organization\",\"@id\":\"https:\/\/logiqc.ca\/#organization\",\"name\":\"Logiqc\",\"url\":\"https:\/\/logiqc.ca\/\",\"logo\":{\"@type\":\"ImageObject\",\"inLanguage\":\"en-CA\",\"@id\":\"https:\/\/logiqc.ca\/#\/schema\/logo\/image\/\",\"url\":\"https:\/\/logiqc.ca\/wp-content\/uploads\/2026\/02\/grd.avif\",\"contentUrl\":\"https:\/\/logiqc.ca\/wp-content\/uploads\/2026\/02\/grd.avif\",\"width\":1920,\"height\":1080,\"caption\":\"Logiqc\"},\"image\":{\"@id\":\"https:\/\/logiqc.ca\/#\/schema\/logo\/image\/\"}}]}<\/script>\n<!-- \/ Yoast SEO plugin. -->","yoast_head_json":{"title":"About - Logiqc","robots":{"index":"index","follow":"follow","max-snippet":"max-snippet:-1","max-image-preview":"max-image-preview:large","max-video-preview":"max-video-preview:-1"},"canonical":"https:\/\/logiqc.ca\/en\/a-propos\/","og_locale":"en_US","og_type":"article","og_title":"\u00c0 propos - Logiqc","og_description":"\u00c0 propos Notre mission Chez Logiqc, nous avan\u00e7ons avec intention. Chaque \u00e9tape est m\u00e9ticuleusementplanifi\u00e9e pour former la solution la plus optimale qui soit. Nous concevons chaquetransport en collaboration avec vous, le suivons avec une rigueur absolue etl\u2019accompagnons d&rsquo;un syst\u00e8me hors pair. \u00a0 Gr\u00e2ce \u00e0 notre r\u00e9seau de partenaires tri\u00e9s sur le volet, vous pouvez laisser [&hellip;]","og_url":"https:\/\/logiqc.ca\/en\/a-propos\/","og_site_name":"Logiqc","article_modified_time":"2026-02-12T19:31:21+00:00","twitter_card":"summary_large_image","twitter_misc":{"Est. reading time":"2 minutes"},"schema":{"@context":"https:\/\/schema.org","@graph":[{"@type":"WebPage","@id":"https:\/\/logiqc.ca\/a-propos\/","url":"https:\/\/logiqc.ca\/a-propos\/","name":"About - Logiqc","isPartOf":{"@id":"https:\/\/logiqc.ca\/#website"},"datePublished":"2025-11-17T17:44:23+00:00","dateModified":"2026-02-12T19:31:21+00:00","breadcrumb":{"@id":"https:\/\/logiqc.ca\/a-propos\/#breadcrumb"},"inLanguage":"en-CA","potentialAction":[{"@type":"ReadAction","target":["https:\/\/logiqc.ca\/a-propos\/"]}]},{"@type":"BreadcrumbList","@id":"https:\/\/logiqc.ca\/a-propos\/#breadcrumb","itemListElement":[{"@type":"ListItem","position":1,"name":"Accueil","item":"https:\/\/logiqc.ca\/"},{"@type":"ListItem","position":2,"name":"\u00c0 propos"}]},{"@type":"WebSite","@id":"https:\/\/logiqc.ca\/#website","url":"https:\/\/logiqc.ca\/","name":"Logiqc","description":"","publisher":{"@id":"https:\/\/logiqc.ca\/#organization"},"potentialAction":[{"@type":"SearchAction","target":{"@type":"EntryPoint","urlTemplate":"https:\/\/logiqc.ca\/?s={search_term_string}"},"query-input":{"@type":"PropertyValueSpecification","valueRequired":true,"valueName":"search_term_string"}}],"inLanguage":"en-CA"},{"@type":"Organization","@id":"https:\/\/logiqc.ca\/#organization","name":"Logiqc","url":"https:\/\/logiqc.ca\/","logo":{"@type":"ImageObject","inLanguage":"en-CA","@id":"https:\/\/logiqc.ca\/#\/schema\/logo\/image\/","url":"https:\/\/logiqc.ca\/wp-content\/uploads\/2026\/02\/grd.avif","contentUrl":"https:\/\/logiqc.ca\/wp-content\/uploads\/2026\/02\/grd.avif","width":1920,"height":1080,"caption":"Logiqc"},"image":{"@id":"https:\/\/logiqc.ca\/#\/schema\/logo\/image\/"}}]}},"_links":{"self":[{"href":"https:\/\/logiqc.ca\/en\/wp-json\/wp\/v2\/pages\/229","targetHints":{"allow":["GET"]}}],"collection":[{"href":"https:\/\/logiqc.ca\/en\/wp-json\/wp\/v2\/pages"}],"about":[{"href":"https:\/\/logiqc.ca\/en\/wp-json\/wp\/v2\/types\/page"}],"author":[{"embeddable":true,"href":"https:\/\/logiqc.ca\/en\/wp-json\/wp\/v2\/users\/1"}],"replies":[{"embeddable":true,"href":"https:\/\/logiqc.ca\/en\/wp-json\/wp\/v2\/comments?post=229"}],"version-history":[{"count":16,"href":"https:\/\/logiqc.ca\/en\/wp-json\/wp\/v2\/pages\/229\/revisions"}],"predecessor-version":[{"id":593,"href":"https:\/\/logiqc.ca\/en\/wp-json\/wp\/v2\/pages\/229\/revisions\/593"}],"wp:attachment":[{"href":"https:\/\/logiqc.ca\/en\/wp-json\/wp\/v2\/media?parent=229"}],"curies":[{"name":"wp","href":"https:\/\/api.w.org\/{rel}","templated":true}]}}